{"id":1481,"date":"2022-05-30T23:09:32","date_gmt":"2022-05-30T23:09:32","guid":{"rendered":"https:\/\/binobinprojects.com\/?page_id=1481"},"modified":"2022-06-06T09:54:17","modified_gmt":"2022-06-06T09:54:17","slug":"artistes","status":"publish","type":"page","link":"https:\/\/binobinprojects.com\/?page_id=1481","title":{"rendered":"Artistes"},"content":{"rendered":"\n<div class=\"wp-block-cover alignfull\" style=\"min-height:162px\"><span aria-hidden=\"true\" class=\"wp-block-cover__background has-ast-global-color-2-background-color has-background-dim-100 has-background-dim\"><\/span><div class=\"wp-block-cover__inner-container\">\n<div style=\"height:40px\" aria-hidden=\"true\" class=\"wp-block-spacer\"><\/div>\n\n\n\n<h1 class=\"has-text-align-center has-white-color has-text-color wp-block-heading\">Artistes<\/h1>\n<\/div><\/div>\n\n\n<figure class=\"wp-block-post-featured-image\"><img width=\"2097\" height=\"1182\" src=\"https:\/\/binobinprojects.com\/wp-content\/uploads\/2022\/05\/binobin_capmusic.jpg\" class=\"attachment-post-thumbnail size-post-thumbnail wp-post-image\" alt=\"\" decoding=\"async\" loading=\"lazy\" srcset=\"https:\/\/binobinprojects.com\/wp-content\/uploads\/2022\/05\/binobin_capmusic.jpg 2097w, https:\/\/binobinprojects.com\/wp-content\/uploads\/2022\/05\/binobin_capmusic-300x169.jpg 300w, https:\/\/binobinprojects.com\/wp-content\/uploads\/2022\/05\/binobin_capmusic-1024x577.jpg 1024w, https:\/\/binobinprojects.com\/wp-content\/uploads\/2022\/05\/binobin_capmusic-768x433.jpg 768w, https:\/\/binobinprojects.com\/wp-content\/uploads\/2022\/05\/binobin_capmusic-1536x866.jpg 1536w, https:\/\/binobinprojects.com\/wp-content\/uploads\/2022\/05\/binobin_capmusic-2048x1154.jpg 2048w\" sizes=\"(max-width: 2097px) 100vw, 2097px\" \/><\/figure>\n\n\n<div class=\"wp-block-group alignfull has-ast-global-color-5-background-color has-background is-layout-flow\"><div class=\"wp-block-group__inner-container\">\n<p>\u00c0 l&rsquo;origine du groupe BinObin (\u00ab entre-deux \u00bb), deux fr\u00e8res Parisiens d&rsquo;adoption, et Citoyens du Monde, ils sont auteurs-compositeurs et interpr\u00e8tes de leur musique, m\u00e9tissage ignorant d\u00e9lib\u00e9r\u00e9ment les fronti\u00e8res en invitant \u00e0 la m\u00eame table des influences classiques et musiques afro-orientales. Apr\u00e8s un Doctorat en Math\u00e9matiques et un Master2pro \u00e0 l\u2019IAE, les fr\u00e8res BinObin se sont attel\u00e9s corps et \u00e2me \u00e0 d\u00e9velopper leur univers musical \u00e0 travers des centaines de concerts.<br>Leurs trois albums ont \u00e9t\u00e9 marqu\u00e9s par la participation d\u00e9tonante de Manu Dibango, Mathieu Boogaerts, Titi Robin, Ray Lema, Jean-Philippe Rykiel ou encore \u00c9tienne MBapp\u00e9, entre autres.\u00a0<\/p>\n\n\n\n<p>Empreinte de leurs voyages et rencontres, leur musique nous transporte de Marrakech, \u00e0 Marseille en passant par Brooklyn tout en fleurtant avec les rythmes \u00a0afro-latins, tandis que les textes franco-anglo-arabo-berb\u00e8res abordent, non sans esprit, des th\u00e8mes bien actuels de cette \u00e9poque mouvement\u00e9e (tumultueuse) et du n\u00e9cessaire vivre-ensemble malgr\u00e9 tout.<br>Les BinObin c&rsquo;est aussi des Master-Classes (EHESS, CRR, Instituts Fran\u00e7ais, Conservatoires, \u00a0&#8230;), une implication et un enracinement Citoyens, \u00e0 travers des projets de Cr\u00e9ation et d&rsquo;Action Culturelles (dans les quartiers populaires, autour des \u00a0Femmes, avec des enfants en situation de Handicap, dans les Maisons d\u2019arr\u00eat &#8230; ). Actuellement, BinObin pr\u00e9pare son 4\u00e8me Album, et une Appli autour des \u00ab\u00a0Rythmes et Grooves\u00a0\u00bb.<\/p>\n\n\n\n<p><\/p>\n<\/div><\/div>\n\n\n\n<div class=\"wp-block-group is-layout-flow\"><div class=\"wp-block-group__inner-container\"><\/div><\/div>\n\n\n\n<div class=\"wp-block-group is-layout-flow\"><div class=\"wp-block-group__inner-container\"><\/div><\/div>\n","protected":false},"excerpt":{"rendered":"<p>\u00c0 l&rsquo;origine du groupe BinObin (\u00ab entre-deux \u00bb), deux fr\u00e8res Parisiens d&rsquo;adoption, et Citoyens du Monde, ils sont auteurs-compositeurs et interpr\u00e8tes de leur musique, m\u00e9tissage ignorant d\u00e9lib\u00e9r\u00e9ment les fronti\u00e8res en invitant \u00e0 la m\u00eame table des influences classiques et musiques afro-orientales. Apr\u00e8s un Doctorat en Math\u00e9matiques et un Master2pro \u00e0 l\u2019IAE, les fr\u00e8res BinObin se &hellip;<\/p>\n<p class=\"read-more\"> <a class=\"\" href=\"https:\/\/binobinprojects.com\/?page_id=1481\"> <span class=\"screen-reader-text\">Artistes<\/span> Lire la suite\u00a0\u00bb<\/a><\/p>\n","protected":false},"author":1,"featured_media":1412,"parent":0,"menu_order":0,"comment_status":"closed","ping_status":"closed","template":"","meta":{"om_disable_all_campaigns":false,"_monsterinsights_skip_tracking":false,"_monsterinsights_sitenote_active":false,"_monsterinsights_sitenote_note":"","_monsterinsights_sitenote_category":0,"site-sidebar-layout":"no-sidebar","site-content-layout":"page-builder","ast-global-header-display":"","ast-main-header-display":"","ast-hfb-above-header-display":"","ast-hfb-below-header-display":"","ast-hfb-mobile-header-display":"","site-post-title":"disabled","ast-breadcrumbs-content":"disabled","ast-featured-img":"disabled","footer-sml-layout":"","theme-transparent-header-meta":"enabled","adv-header-id-meta":"","stick-header-meta":"","header-above-stick-meta":"","header-main-stick-meta":"","header-below-stick-meta":"","ngg_post_thumbnail":0},"aioseo_notices":[],"_links":{"self":[{"href":"https:\/\/binobinprojects.com\/index.php?rest_route=\/wp\/v2\/pages\/1481"}],"collection":[{"href":"https:\/\/binobinprojects.com\/index.php?rest_route=\/wp\/v2\/pages"}],"about":[{"href":"https:\/\/binobinprojects.com\/index.php?rest_route=\/wp\/v2\/types\/page"}],"author":[{"embeddable":true,"href":"https:\/\/binobinprojects.com\/index.php?rest_route=\/wp\/v2\/users\/1"}],"replies":[{"embeddable":true,"href":"https:\/\/binobinprojects.com\/index.php?rest_route=%2Fwp%2Fv2%2Fcomments&post=1481"}],"version-history":[{"count":12,"href":"https:\/\/binobinprojects.com\/index.php?rest_route=\/wp\/v2\/pages\/1481\/revisions"}],"predecessor-version":[{"id":1518,"href":"https:\/\/binobinprojects.com\/index.php?rest_route=\/wp\/v2\/pages\/1481\/revisions\/1518"}],"wp:featuredmedia":[{"embeddable":true,"href":"https:\/\/binobinprojects.com\/index.php?rest_route=\/wp\/v2\/media\/1412"}],"wp:attachment":[{"href":"https:\/\/binobinprojects.com\/index.php?rest_route=%2Fwp%2Fv2%2Fmedia&parent=1481"}],"curies":[{"name":"wp","href":"https:\/\/api.w.org\/{rel}","templated":true}]}}