{"id":1070,"date":"2021-04-12T05:26:47","date_gmt":"2021-04-12T05:26:47","guid":{"rendered":"http:\/\/binobinprojects.com\/?page_id=1070"},"modified":"2022-05-30T23:25:09","modified_gmt":"2022-05-30T23:25:09","slug":"books","status":"publish","type":"page","link":"https:\/\/binobinprojects.com\/?page_id=1070","title":{"rendered":"Album"},"content":{"rendered":"\n<div class=\"wp-block-cover alignfull\" style=\"min-height:242px\"><span aria-hidden=\"true\" class=\"wp-block-cover__background has-ast-global-color-2-background-color has-background-dim-100 has-background-dim\"><\/span><div class=\"wp-block-cover__inner-container\">\n<h1 class=\"has-text-align-center has-white-color has-text-color wp-block-heading\">Album<\/h1>\n<\/div><\/div>\n\n\n\n<div class=\"wp-block-group alignfull has-ast-global-color-5-background-color has-background is-layout-flow\"><div class=\"wp-block-group__inner-container\">\n<div class=\"wp-block-media-text alignwide is-stacked-on-mobile\" style=\"grid-template-columns:47% auto\"><figure class=\"wp-block-media-text__media\"><img decoding=\"async\" loading=\"lazy\" width=\"957\" height=\"1024\" src=\"http:\/\/binobinprojects.com\/wp-content\/uploads\/2022\/05\/album_visuel0-957x1024.jpg\" alt=\"\" class=\"wp-image-1203 size-full\" srcset=\"https:\/\/binobinprojects.com\/wp-content\/uploads\/2022\/05\/album_visuel0-957x1024.jpg 957w, https:\/\/binobinprojects.com\/wp-content\/uploads\/2022\/05\/album_visuel0-280x300.jpg 280w, https:\/\/binobinprojects.com\/wp-content\/uploads\/2022\/05\/album_visuel0-768x822.jpg 768w, https:\/\/binobinprojects.com\/wp-content\/uploads\/2022\/05\/album_visuel0.jpg 1391w\" sizes=\"(max-width: 957px) 100vw, 957px\" \/><\/figure><div class=\"wp-block-media-text__content\">\n<div class=\"wp-block-group is-layout-flow\"><div class=\"wp-block-group__inner-container\">\n<p>Ce recueil de pi\u00e8ces instrumentales et vocales originales, est le fruit d&rsquo;un travail de longue haleine. Au del\u00e0 des obstacles habituels inh\u00e9rents \u00e0 ce type d&rsquo;action, la r\u00e9alisation de ce projet ambitieux a fait face aux vents contraires qui n&rsquo;ont pas arr\u00eat\u00e9 de souffler sur le monde depuis deux ans d\u00e9j\u00e0.&nbsp;<br>Heureusement, notre obstination conjugu\u00e9e au soutien, sans faille, de nos partenaires et \u00e0 la pers\u00e9v\u00e9rance de tous les participant(e)s, ont fini par avoir le dessus.<br>Nous sommes donc fiers de vous pr\u00e9senter ce CD, qui cristallise tout le travail effectu\u00e9 sous la direction de Adlane et Badr Binobin, dans le cadre de \u00abCap\u2019Music Hall\u00bb. L\u2019un des objectifs &nbsp;de ce projet est de proposer un parcours culturel et musical \u00e0 des jeunes du 19\u00e8me arrondissement de Paris, dont un groupe est suivi par le CMP-Flandre. Une collaboration au long cours avec un Orchestre de jeunes \u00e9l\u00e8ves du Conservatoire Jacques Ibert, Paris 19\u00e8me, a permis d\u2019\u00e9tablir une passerelle vers d\u2019autres esth\u00e9tiques musicales.<br><\/p>\n\n\n\n<div class=\"wp-block-buttons is-content-justification-center is-layout-flex wp-container-1\">\n<div class=\"wp-block-button\"><a class=\"wp-block-button__link\" href=\"http:\/\/hyperurl.co\/bj1adi\" target=\"_blank\" rel=\"noreferrer noopener\">EN ECOUTE ICI<\/a><\/div>\n<\/div>\n<\/div><\/div>\n<\/div><\/div>\n<\/div><\/div>\n","protected":false},"excerpt":{"rendered":"<p>Ce recueil de pi\u00e8ces instrumentales et vocales originales, est le fruit d&rsquo;un travail de longue haleine. Au del\u00e0 des obstacles habituels inh\u00e9rents \u00e0 ce type d&rsquo;action, la r\u00e9alisation de ce projet ambitieux a fait face aux vents contraires qui n&rsquo;ont pas arr\u00eat\u00e9 de souffler sur le monde depuis deux ans d\u00e9j\u00e0.&nbsp;Heureusement, notre obstination conjugu\u00e9e au &hellip;<\/p>\n<p class=\"read-more\"> <a class=\"\" href=\"https:\/\/binobinprojects.com\/?page_id=1070\"> <span class=\"screen-reader-text\">Album<\/span> Lire la suite\u00a0\u00bb<\/a><\/p>\n","protected":false},"author":1,"featured_media":0,"parent":0,"menu_order":0,"comment_status":"closed","ping_status":"closed","template":"","meta":{"om_disable_all_campaigns":false,"_monsterinsights_skip_tracking":false,"_monsterinsights_sitenote_active":false,"_monsterinsights_sitenote_note":"","_monsterinsights_sitenote_category":0,"site-sidebar-layout":"no-sidebar","site-content-layout":"plain-container","ast-global-header-display":"","ast-main-header-display":"","ast-hfb-above-header-display":"","ast-hfb-below-header-display":"","ast-hfb-mobile-header-display":"","site-post-title":"disabled","ast-breadcrumbs-content":"disabled","ast-featured-img":"disabled","footer-sml-layout":"","theme-transparent-header-meta":"enabled","adv-header-id-meta":"","stick-header-meta":"","header-above-stick-meta":"","header-main-stick-meta":"","header-below-stick-meta":"","ngg_post_thumbnail":0},"aioseo_notices":[],"_links":{"self":[{"href":"https:\/\/binobinprojects.com\/index.php?rest_route=\/wp\/v2\/pages\/1070"}],"collection":[{"href":"https:\/\/binobinprojects.com\/index.php?rest_route=\/wp\/v2\/pages"}],"about":[{"href":"https:\/\/binobinprojects.com\/index.php?rest_route=\/wp\/v2\/types\/page"}],"author":[{"embeddable":true,"href":"https:\/\/binobinprojects.com\/index.php?rest_route=\/wp\/v2\/users\/1"}],"replies":[{"embeddable":true,"href":"https:\/\/binobinprojects.com\/index.php?rest_route=%2Fwp%2Fv2%2Fcomments&post=1070"}],"version-history":[{"count":15,"href":"https:\/\/binobinprojects.com\/index.php?rest_route=\/wp\/v2\/pages\/1070\/revisions"}],"predecessor-version":[{"id":1493,"href":"https:\/\/binobinprojects.com\/index.php?rest_route=\/wp\/v2\/pages\/1070\/revisions\/1493"}],"wp:attachment":[{"href":"https:\/\/binobinprojects.com\/index.php?rest_route=%2Fwp%2Fv2%2Fmedia&parent=1070"}],"curies":[{"name":"wp","href":"https:\/\/api.w.org\/{rel}","templated":true}]}}