{"id":1066,"date":"2021-04-12T05:26:23","date_gmt":"2021-04-12T05:26:23","guid":{"rendered":"http:\/\/binobinprojects.com\/?page_id=1066"},"modified":"2022-05-30T23:34:11","modified_gmt":"2022-05-30T23:34:11","slug":"home","status":"publish","type":"page","link":"https:\/\/binobinprojects.com\/","title":{"rendered":"Accueil"},"content":{"rendered":"\n<div class=\"wp-block-cover aligncenter has-custom-content-position is-position-bottom-center\" style=\"min-height:100vh\"><span aria-hidden=\"true\" class=\"wp-block-cover__background has-ast-global-color-2-background-color has-background-dim-40 has-background-dim\"><\/span><img decoding=\"async\" loading=\"lazy\" width=\"1840\" height=\"907\" class=\"wp-block-cover__image-background wp-image-1196\" alt=\"\" src=\"http:\/\/binobinprojects.com\/wp-content\/uploads\/2022\/05\/aaaP1077731.Image-fixe025.jpg\" style=\"object-position:40% 49%\" data-object-fit=\"cover\" data-object-position=\"40% 49%\" srcset=\"https:\/\/binobinprojects.com\/wp-content\/uploads\/2022\/05\/aaaP1077731.Image-fixe025.jpg 1840w, https:\/\/binobinprojects.com\/wp-content\/uploads\/2022\/05\/aaaP1077731.Image-fixe025-300x148.jpg 300w, https:\/\/binobinprojects.com\/wp-content\/uploads\/2022\/05\/aaaP1077731.Image-fixe025-1024x505.jpg 1024w, https:\/\/binobinprojects.com\/wp-content\/uploads\/2022\/05\/aaaP1077731.Image-fixe025-768x379.jpg 768w, https:\/\/binobinprojects.com\/wp-content\/uploads\/2022\/05\/aaaP1077731.Image-fixe025-1536x757.jpg 1536w\" sizes=\"(max-width: 1840px) 100vw, 1840px\" \/><div class=\"wp-block-cover__inner-container\">\n<p class=\"has-text-align-center\">Kasbah-sur-Sc\u00e8ne &amp; BinObin pr\u00e9sentent :<\/p>\n\n\n\n<hr class=\"wp-block-separator has-text-color has-white-color has-css-opacity has-white-background-color has-background aligncenter\"\/>\n\n\n\n<h1 class=\"alignwide has-text-align-center has-white-color has-text-color wp-block-heading\">Cap&rsquo; Musique Halls<\/h1>\n\n\n\n<p style=\"line-height:1.4\">L\u2019un des objectifs &nbsp;de ce projet est de proposer un parcours culturel et musical \u00e0 des jeunes du 19\u00e8me arrondissement de Paris, dont un groupe est suivi par le CMP-Flandre. Une collaboration au long cours avec un Orchestre de jeunes \u00e9l\u00e8ves du Conservatoire Jacques Ibert, Paris 19\u00e8me, a permis d\u2019\u00e9tablir une passerelle vers d\u2019autres esth\u00e9tiques musicales.<br>Cette aventure tire sa richesse des multiples rencontres humaines qui ont eu lieu tout au long de ce projet. Notre souhait est de le partager avec vous \u00ab\u00a0\u00e0 travers\u00a0\u00bb cet Album.<\/p>\n<\/div><\/div>\n\n\n<div class=\"wp-block-columns\">&nbsp;<\/div>","protected":false},"excerpt":{"rendered":"<p>&nbsp;<\/p>\n","protected":false},"author":1,"featured_media":0,"parent":0,"menu_order":0,"comment_status":"closed","ping_status":"closed","template":"","meta":{"om_disable_all_campaigns":false,"_monsterinsights_skip_tracking":false,"_monsterinsights_sitenote_active":false,"_monsterinsights_sitenote_note":"","_monsterinsights_sitenote_category":0,"site-sidebar-layout":"default","site-content-layout":"default","ast-global-header-display":"","ast-main-header-display":"","ast-hfb-above-header-display":"","ast-hfb-below-header-display":"","ast-hfb-mobile-header-display":"","site-post-title":"disabled","ast-breadcrumbs-content":"disabled","ast-featured-img":"disabled","footer-sml-layout":"","theme-transparent-header-meta":"enabled","adv-header-id-meta":"","stick-header-meta":"","header-above-stick-meta":"","header-main-stick-meta":"","header-below-stick-meta":"","ngg_post_thumbnail":0},"aioseo_notices":[],"_links":{"self":[{"href":"https:\/\/binobinprojects.com\/index.php?rest_route=\/wp\/v2\/pages\/1066"}],"collection":[{"href":"https:\/\/binobinprojects.com\/index.php?rest_route=\/wp\/v2\/pages"}],"about":[{"href":"https:\/\/binobinprojects.com\/index.php?rest_route=\/wp\/v2\/types\/page"}],"author":[{"embeddable":true,"href":"https:\/\/binobinprojects.com\/index.php?rest_route=\/wp\/v2\/users\/1"}],"replies":[{"embeddable":true,"href":"https:\/\/binobinprojects.com\/index.php?rest_route=%2Fwp%2Fv2%2Fcomments&post=1066"}],"version-history":[{"count":35,"href":"https:\/\/binobinprojects.com\/index.php?rest_route=\/wp\/v2\/pages\/1066\/revisions"}],"predecessor-version":[{"id":1495,"href":"https:\/\/binobinprojects.com\/index.php?rest_route=\/wp\/v2\/pages\/1066\/revisions\/1495"}],"wp:attachment":[{"href":"https:\/\/binobinprojects.com\/index.php?rest_route=%2Fwp%2Fv2%2Fmedia&parent=1066"}],"curies":[{"name":"wp","href":"https:\/\/api.w.org\/{rel}","templated":true}]}}